
{"id":117,"date":"2014-06-24T09:05:52","date_gmt":"2014-06-24T08:05:52","guid":{"rendered":"http:\/\/www.bsv-reunion.fr\/?page_id=117"},"modified":"2015-07-06T07:50:26","modified_gmt":"2015-07-06T06:50:26","slug":"presentation","status":"publish","type":"page","link":"https:\/\/www.bsv-reunion.fr\/?page_id=117","title":{"rendered":"Rapport d&rsquo;activit\u00e9"},"content":{"rendered":"<h2 style=\"text-align: center;\">\u00a0T\u00e9l\u00e9charger notre rapport d&rsquo;activit\u00e9 2013<\/h2>\n<p><a href=\"https:\/\/www.bsv-reunion.fr\/wp-content\/uploads\/2014\/06\/Rapport-activit\u00e9-r\u00e9seau-\u00e9pid\u00e9miosurveillance-2013.pdf\"><img loading=\"lazy\" decoding=\"async\" class=\"wp-image-728 aligncenter\" src=\"https:\/\/www.bsv-reunion.fr\/wp-content\/uploads\/2014\/06\/icone_pdf.png\" alt=\"icone_pdf\" width=\"102\" height=\"89\" \/><\/a><\/p>\n<h2 style=\"text-align: center;\">T\u00e9l\u00e9charger notre rapport d&rsquo;activit\u00e9 2014<\/h2>\n<p><a href=\"https:\/\/www.bsv-reunion.fr\/wp-content\/uploads\/2014\/06\/Rapport-dactivit\u00e9-2014-Epid\u00e9miosurveillance.pdf\"><img loading=\"lazy\" decoding=\"async\" class=\"  aligncenter wp-image-728\" src=\"https:\/\/www.bsv-reunion.fr\/wp-content\/uploads\/2014\/06\/icone_pdf.png\" alt=\"icone_pdf\" width=\"103\" height=\"90\" \/><\/a><\/p>\n","protected":false},"excerpt":{"rendered":"<p>\u00a0T\u00e9l\u00e9charger notre rapport d&rsquo;activit\u00e9 2013 T\u00e9l\u00e9charger notre rapport d&rsquo;activit\u00e9 2014<\/p>\n","protected":false},"author":1,"featured_media":567,"parent":197,"menu_order":0,"comment_status":"closed","ping_status":"closed","template":"","meta":{"footnotes":""},"class_list":["post-117","page","type-page","status-publish","has-post-thumbnail","hentry"],"_links":{"self":[{"href":"https:\/\/www.bsv-reunion.fr\/index.php?rest_route=\/wp\/v2\/pages\/117","targetHints":{"allow":["GET"]}}],"collection":[{"href":"https:\/\/www.bsv-reunion.fr\/index.php?rest_route=\/wp\/v2\/pages"}],"about":[{"href":"https:\/\/www.bsv-reunion.fr\/index.php?rest_route=\/wp\/v2\/types\/page"}],"author":[{"embeddable":true,"href":"https:\/\/www.bsv-reunion.fr\/index.php?rest_route=\/wp\/v2\/users\/1"}],"replies":[{"embeddable":true,"href":"https:\/\/www.bsv-reunion.fr\/index.php?rest_route=%2Fwp%2Fv2%2Fcomments&post=117"}],"version-history":[{"count":11,"href":"https:\/\/www.bsv-reunion.fr\/index.php?rest_route=\/wp\/v2\/pages\/117\/revisions"}],"predecessor-version":[{"id":1518,"href":"https:\/\/www.bsv-reunion.fr\/index.php?rest_route=\/wp\/v2\/pages\/117\/revisions\/1518"}],"up":[{"embeddable":true,"href":"https:\/\/www.bsv-reunion.fr\/index.php?rest_route=\/wp\/v2\/pages\/197"}],"wp:featuredmedia":[{"embeddable":true,"href":"https:\/\/www.bsv-reunion.fr\/index.php?rest_route=\/wp\/v2\/media\/567"}],"wp:attachment":[{"href":"https:\/\/www.bsv-reunion.fr\/index.php?rest_route=%2Fwp%2Fv2%2Fmedia&parent=117"}],"curies":[{"name":"wp","href":"https:\/\/api.w.org\/{rel}","templated":true}]}}