
{"id":124,"date":"2014-06-24T09:10:23","date_gmt":"2014-06-24T08:10:23","guid":{"rendered":"http:\/\/www.bsv-reunion.fr\/?page_id=124"},"modified":"2025-08-08T11:58:19","modified_gmt":"2025-08-08T10:58:19","slug":"le-reseau-depidemio-surveillance","status":"publish","type":"page","link":"https:\/\/www.bsv-reunion.fr\/?page_id=124","title":{"rendered":"Le r\u00e9seau d&rsquo;\u00e9pid\u00e9miosurveillance"},"content":{"rendered":"<p lang=\"zxx\" align=\"JUSTIFY\">Mis en place et coanim\u00e9 par la FDGDON, la Chambre d\u2019agriculture et la DAAF de 2009 \u00e0 2024. <strong>Depuis d\u00e9but 2025, l<\/strong><strong>e R\u00e9seau d&rsquo;\u00c9pid\u00e9miosurveillance (RES) est d\u00e9sormais port\u00e9 seul par la FDGDON-R\u00e9union<\/strong>, sous la supervision de la DAAF-R\u00e9union. Le r\u00e9seau d&rsquo;\u00e9pid\u00e9miosurveillance a pour objectif de conna\u00eetre la situation phytosanitaire sur tout le territoire et pour toutes les fili\u00e8res.<\/p>\n<p lang=\"zxx\" align=\"JUSTIFY\">Pour ce faire, des donn\u00e9es mensuelles sur des organismes nuisibles de r\u00e9f\u00e9rence (ravageurs, maladies ou adventices) sont collect\u00e9es sur les cultures suivies. On les nomme organismes nuisibles de r\u00e9f\u00e9rence car ils t\u00e9moignent de mani\u00e8re juste de la pression exerc\u00e9e sur la culture et donc de l&rsquo;utilisation de produits phytosanitaires.<\/p>\n<p lang=\"zxx\" align=\"JUSTIFY\">Afin de pouvoir comparer l&rsquo;\u00e9tat sanitaire des cultures, des protocoles de r\u00e9f\u00e9rences sont utilis\u00e9s et l&rsquo;observation se d\u00e9roule sur des parcelles de r\u00e9f\u00e9rences gr\u00e2ce \u00e0 un r\u00e9seau d&rsquo;observateurs.<\/p>\n<p style=\"text-align: left;\">Ainsi, les <strong>Bulletins de Sant\u00e9 du V\u00e9g\u00e9tal<\/strong> sont \u00e9dit\u00e9s pour les fili\u00e8res les fili\u00e8res <strong>canne \u00e0 sucre<\/strong>, <strong>mara\u00eechage<\/strong> et <strong>fruiti\u00e8re <\/strong>et dressent un \u00e9tat des lieux r\u00e9gulier des probl\u00e9matiques phytosanitaires majeures. Les observations synth\u00e9tis\u00e9es dans ces <strong>Bulletins <\/strong>sont diffus\u00e9s de fa\u00e7on <strong>trimestrielle pour la canne<\/strong> et <strong>bimestrielle pour les fruits et l\u00e9gumes<\/strong>. Leur but est\u00a0<strong>d\u2019alerter les producteurs<\/strong>\u00a0des risques pour leur cultures et d\u2019\u00e9viter les traitements pr\u00e9ventifs inutiles tant que le seuil de risque n\u2019est pas d\u00e9pass\u00e9. L\u2019accent est mis dans les BSV sur les probl\u00e8mes sanitaires rencontr\u00e9s lors des suivis mensuels avec un maximum d\u2019illustration pour une identification plus rapide de la probl\u00e9matique par l\u2019agriculteur mais le parall\u00e8le est fait \u00e9galement avec les probl\u00e9matiques sanitaires de la m\u00eame p\u00e9riode l\u2019ann\u00e9e d\u2019avant. Ainsi <strong>l\u2019agriculteur pourra anticiper l\u2019arriv\u00e9e des ravageurs r\u00e9currents pour une p\u00e9riode donn\u00e9e avec les alertes donn\u00e9es dans les BSV<\/strong>. Ce qui lui permettra <strong>de surveiller l\u2019arriv\u00e9e des nuisibles<\/strong> et <strong>r\u00e9agir le plus t\u00f4t possible<\/strong> avec une m\u00e9thode alternative id\u00e9alement, pour la gestion de la probl\u00e9matique sanitaire si elle se d\u00e9clare et ainsi pr\u00e9server leurs cultures et leurs revenus.<\/p>\n<p style=\"text-align: left;\">Ils s\u2019appuient sur <strong>des relev\u00e9s mensuels<\/strong>\u00a0sur les\u00a0<strong>principaux bioagresseurs des cultures<\/strong>\u00a0et donc ceux pour lesquels on utilise le plus de produits phytopharmaceutiques. Ces donn\u00e9es sont\u00a0<strong>analys\u00e9es<\/strong>\u00a0afin de mieux comprendre leurs r\u00e9partitions, leurs fluctuations saisonni\u00e8res et ainsi n\u2019intervenir qu\u2019en cas de besoin si le\u00a0<strong>seuil de risque<\/strong>\u00a0pour la culture est d\u00e9pass\u00e9. De plus, la pression des nuisibles est mise en relation avec <strong>les conditions m\u00e9t\u00e9orologiques et le stade ph\u00e9nologique<\/strong> des cultures pour\u00a0<strong>\u00e9valuer le risque<\/strong>\u00a0pour celles-ci pour les mois suivants.<\/p>\n<p lang=\"zxx\" align=\"JUSTIFY\">L&rsquo;observation r\u00e9guli\u00e8re permet \u00e9galement de d\u00e9tecter des organismes nuisibles \u00e9mergents ou nouveaux pour la culture (identification par la Clinique du V\u00e9g\u00e9tal\u00ae de la FDGDON \u00e0 Saint-Pierre).<\/p>\n<p lang=\"zxx\">L&rsquo;ensemble de ces informations est actualis\u00e9 chaque mois dans le Bulletin de Sant\u00e9 du V\u00e9g\u00e9tal.<\/p>\n<p>Les observations sont r\u00e9alis\u00e9es sur une\u00a0<strong>cinquantaine de parcelles de r\u00e9f\u00e9rences<\/strong> et plusieurs centaines de parcelles ponctuelles en partenariat avec\u00a0<strong>16 Organisations de Producteurs<\/strong>\u00a0et\u00a0<strong>instituts techniques<\/strong>\u00a0:<\/p>\n<p><strong>ANAFRUITS, Anses, ARMEFLHOR, AVO, CIRAD, Chambre d\u2019agriculture, CTICS, eRcane, EPLEFPA St Paul et St Joseph, GAB R\u00e9union, SCA Coop Ananas, SCA Fruits de La R\u00e9union, SCA Fruits et L\u00e9gumes de Bourbon, TEREOS, TERRA COOP \u2013 OP Viv\u00e9a.<\/strong><\/p>\n<p><a href=\"https:\/\/www.bsv-reunion.fr\/wp-content\/uploads\/2025\/08\/Export-total-ok-Mai-Juin-2025-compr.jpg\"><img loading=\"lazy\" decoding=\"async\" class=\"aligncenter  wp-image-4396\" src=\"https:\/\/www.bsv-reunion.fr\/wp-content\/uploads\/2025\/08\/Export-total-ok-Mai-Juin-2025-compr.jpg\" alt=\"\" width=\"607\" height=\"429\" \/><\/a><\/p>\n<p style=\"text-align: center;\">(Cliquer pour agrandir)<\/p>\n<p lang=\"zxx\" align=\"JUSTIFY\">\n<p lang=\"zxx\" style=\"text-align: center;\" align=\"JUSTIFY\">\n<p lang=\"zxx\" align=\"JUSTIFY\"><a href=\"https:\/\/bsv-reunion.fr\/wp-content\/uploads\/2014\/06\/animateurs.jpg\"><br \/>\n<\/a><a href=\"https:\/\/bsv-reunion.fr\/\/wp-content\/uploads\/2014\/06\/v3.jpg\"><br \/>\n<\/a><\/p>\n","protected":false},"excerpt":{"rendered":"<p>Mis en place et coanim\u00e9 par la FDGDON, la Chambre d\u2019agriculture et la DAAF de 2009 \u00e0 2024. Depuis d\u00e9but 2025, le R\u00e9seau d&rsquo;\u00c9pid\u00e9miosurveillance (RES) est d\u00e9sormais port\u00e9 seul par la FDGDON-R\u00e9union, sous la supervision de la DAAF-R\u00e9union. Le r\u00e9seau d&rsquo;\u00e9pid\u00e9miosurveillance a pour objectif de conna\u00eetre la situation phytosanitaire sur tout le territoire et pour toutes les fili\u00e8res. Pour ce [&hellip;]<\/p>\n","protected":false},"author":1,"featured_media":820,"parent":197,"menu_order":0,"comment_status":"closed","ping_status":"closed","template":"","meta":{"footnotes":""},"class_list":["post-124","page","type-page","status-publish","has-post-thumbnail","hentry"],"_links":{"self":[{"href":"https:\/\/www.bsv-reunion.fr\/index.php?rest_route=\/wp\/v2\/pages\/124","targetHints":{"allow":["GET"]}}],"collection":[{"href":"https:\/\/www.bsv-reunion.fr\/index.php?rest_route=\/wp\/v2\/pages"}],"about":[{"href":"https:\/\/www.bsv-reunion.fr\/index.php?rest_route=\/wp\/v2\/types\/page"}],"author":[{"embeddable":true,"href":"https:\/\/www.bsv-reunion.fr\/index.php?rest_route=\/wp\/v2\/users\/1"}],"replies":[{"embeddable":true,"href":"https:\/\/www.bsv-reunion.fr\/index.php?rest_route=%2Fwp%2Fv2%2Fcomments&post=124"}],"version-history":[{"count":28,"href":"https:\/\/www.bsv-reunion.fr\/index.php?rest_route=\/wp\/v2\/pages\/124\/revisions"}],"predecessor-version":[{"id":4397,"href":"https:\/\/www.bsv-reunion.fr\/index.php?rest_route=\/wp\/v2\/pages\/124\/revisions\/4397"}],"up":[{"embeddable":true,"href":"https:\/\/www.bsv-reunion.fr\/index.php?rest_route=\/wp\/v2\/pages\/197"}],"wp:featuredmedia":[{"embeddable":true,"href":"https:\/\/www.bsv-reunion.fr\/index.php?rest_route=\/wp\/v2\/media\/820"}],"wp:attachment":[{"href":"https:\/\/www.bsv-reunion.fr\/index.php?rest_route=%2Fwp%2Fv2%2Fmedia&parent=124"}],"curies":[{"name":"wp","href":"https:\/\/api.w.org\/{rel}","templated":true}]}}