
{"id":1329,"date":"2015-01-20T15:14:28","date_gmt":"2015-01-20T14:14:28","guid":{"rendered":"http:\/\/www.bsv-reunion.fr\/?page_id=1329"},"modified":"2021-05-18T08:14:29","modified_gmt":"2021-05-18T07:14:29","slug":"presentation-video-ecophyto-a-la-reunion","status":"publish","type":"page","link":"https:\/\/www.bsv-reunion.fr\/?page_id=1329","title":{"rendered":"Pr\u00e9sentation vid\u00e9o ECOPHYTO \u00e0 La R\u00e9union"},"content":{"rendered":"<p style=\"text-align: center;\">\n<p><iframe loading=\"lazy\" src=\"\/\/player.vimeo.com\/video\/117248379\" width=\"900\" height=\"481\" frameborder=\"1\" allowfullscreen=\"allowfullscreen\"><\/iframe><\/p>\n","protected":false},"excerpt":{"rendered":"","protected":false},"author":1,"featured_media":0,"parent":0,"menu_order":0,"comment_status":"closed","ping_status":"open","template":"page-templates\/full-width.php","meta":{"footnotes":""},"class_list":["post-1329","page","type-page","status-publish","hentry"],"_links":{"self":[{"href":"https:\/\/www.bsv-reunion.fr\/index.php?rest_route=\/wp\/v2\/pages\/1329","targetHints":{"allow":["GET"]}}],"collection":[{"href":"https:\/\/www.bsv-reunion.fr\/index.php?rest_route=\/wp\/v2\/pages"}],"about":[{"href":"https:\/\/www.bsv-reunion.fr\/index.php?rest_route=\/wp\/v2\/types\/page"}],"author":[{"embeddable":true,"href":"https:\/\/www.bsv-reunion.fr\/index.php?rest_route=\/wp\/v2\/users\/1"}],"replies":[{"embeddable":true,"href":"https:\/\/www.bsv-reunion.fr\/index.php?rest_route=%2Fwp%2Fv2%2Fcomments&post=1329"}],"version-history":[{"count":10,"href":"https:\/\/www.bsv-reunion.fr\/index.php?rest_route=\/wp\/v2\/pages\/1329\/revisions"}],"predecessor-version":[{"id":3171,"href":"https:\/\/www.bsv-reunion.fr\/index.php?rest_route=\/wp\/v2\/pages\/1329\/revisions\/3171"}],"wp:attachment":[{"href":"https:\/\/www.bsv-reunion.fr\/index.php?rest_route=%2Fwp%2Fv2%2Fmedia&parent=1329"}],"curies":[{"name":"wp","href":"https:\/\/api.w.org\/{rel}","templated":true}]}}