
{"id":251,"date":"2014-06-27T11:34:34","date_gmt":"2014-06-27T10:34:34","guid":{"rendered":"http:\/\/192.168.1.200\/?page_id=251"},"modified":"2021-02-28T16:23:08","modified_gmt":"2021-02-28T15:23:08","slug":"mentions-legales","status":"publish","type":"page","link":"https:\/\/www.bsv-reunion.fr\/?page_id=251","title":{"rendered":"Mentions L\u00e9gales"},"content":{"rendered":"<p>En application de la loi n\u00b0 2004-575 du 21 juin 2004 pour la confiance dans l\u2019\u00e9conomie num\u00e9rique, nous vous communiquons les informations suivantes :<\/p>\n<p><strong>Propri\u00e9taire du site :<\/strong><\/p>\n<p><strong>Chambre d\u2019Agriculture de la R\u00e9union :<\/strong><br \/>\nN\u00b0 de SIRET : 189 741 119 00011<br \/>\n24, rue de la Source B.P.134<br \/>\n97463 SAINT DENIS CEDEX<br \/>\nT\u00e9l. : 0262 94 25 94<br \/>\nFax : 0262 21 06 17<\/p>\n<p><strong>Directeur de la Publication :<\/strong>\u00a0<b style=\"color: #222222;\">Jean Bernard GONTHIER<\/b>, president@reunion.chambagri.fr<\/p>\n<p><strong>Responsable Informatique : Erick MAUNIER,<\/strong> erick.maunier@reunion.chambagri.fr<\/p>\n<p><strong>Charg\u00e9 de Communication : J\u00e9rome SOUBOU,\u00a0<\/strong><span style=\"line-height: 1.714285714; font-size: 1rem;\">jerome.soubou@reunion.chambagri.fr<\/span><\/p>\n<p><strong>Cr\u00e9dits photo : Chambre d\u2019Agriculture de la R\u00e9union<\/strong><\/p>\n<p><strong>Cr\u00e9ateur du Site : SILICON VILLAGE<\/strong><br \/>\n71bis rue Pasteur\u00a0&#8211; 97400 Sainte-Denis<br \/>\nTechnopole de La R\u00e9union &#8211; Ile de La R\u00e9union &#8211; France.<br \/>\nContact : www.silicon-village.fr<\/p>\n<p><strong>Utilisations et droit de reproduction :<\/strong><br \/>\nTous les \u00e9l\u00e9ments figurant sur ce site (texte, \u00e9l\u00e9ments graphiques ou multim\u00e9dia) sont la propri\u00e9t\u00e9 de la Chambre d\u2019Agriculture de la R\u00e9union ainsi que de leurs auteurs respectifs et sont prot\u00e9g\u00e9s par les droits d\u2019auteur (Code de la propri\u00e9t\u00e9 intellectuelle). Toute copie, partielle ou totale de ce contenu doit faire l\u2019objet d\u2019une demande aupr\u00e8s de la Chambre d\u2019Agriculture de la R\u00e9union et est soumise \u00e0 autorisation \u00e9crite. Dans le cadre d\u2019une telle autorisation, les informations pr\u00e9sentes sur ce site peuvent \u00eatre t\u00e9l\u00e9charg\u00e9es, reproduites, imprim\u00e9es sous r\u00e9serve de :<\/p>\n<ul>\n<li>respecter l\u2019int\u00e9grit\u00e9 des documents reproduits (aucune modification, ni alt\u00e9ration d\u2019aucune sorte) ;<\/li>\n<li>citer sur toutes copies les sources soit \u00a0\u00bb Chambre d\u2019Agriculture de la R\u00e9union\u00a0\u00bb avec l\u2019adresse du site : www.bsv-reunion.fr<\/li>\n<\/ul>\n<p>Les informations utilis\u00e9es ne doivent l\u2019\u00eatre qu\u2019\u00e0 des fins personnelles, associatives ou professionnelles ; toute utilisation \u00e0 des fins commerciales ou publicitaires est exclue.<br \/>\nLes informations communiqu\u00e9es sur ce site sont fournies \u00e0 titre indicatif, sans garantie implicite ou explicite, et peuvent contenir involontairement des erreurs techniques et\/ou typographiques.<\/p>\n<p><strong>Responsabilit\u00e9s :<\/strong><br \/>\nL\u2019utilisateur est seul responsable de l\u2019utilisation des informations contenues sur ce site. Celui-ci est invit\u00e9 \u00e0 proc\u00e9der \u00e0 toute v\u00e9rification sous sa responsabilit\u00e9 exclusive. La Chambre d\u2019Agriculture de la R\u00e9union se r\u00e9serve le droit de modifier les informations \u00e0 tout moment en actualisant ce site. La Chambre d\u2019Agriculture de la R\u00e9union ne pourrait \u00eatre tenue responsable pour quelque dommage que ce soit, tant direct qu\u2019indirect, r\u00e9sultant d\u2019une information contenue sur ce site.<\/p>\n<p><strong>Liens externes :<\/strong><br \/>\nLes sites ext\u00e9rieurs ayant un lien hypertexte avec le pr\u00e9sent site ne sont pas sous contr\u00f4le de la Chambre d\u2019Agriculture de la R\u00e9union qui d\u00e9cline par cons\u00e9quent toute responsabilit\u00e9 quant \u00e0 leur contenu et \u00e0 leur non mise \u00e0 jour.<\/p>\n<p><strong>Exercice du droit d\u2019acc\u00e8s<\/strong><br \/>\nConform\u00e9ment \u00e0 l\u2019article 34 de la Loi Informatique et Libert\u00e9s, vous disposez d\u2019un droit d\u2019acc\u00e8s, de modification, de rectification et de suppression des donn\u00e9es qui vous concernent. Pour exercer ce droit d\u2019acc\u00e8s, adressez-vous au responsable du site. Pour plus d\u2019informations sur la loi Informatique et Libert\u00e9s, vous pouvez consulter le site Internet de la CNIL https:\/\/www.cnil.fr<\/p>\n","protected":false},"excerpt":{"rendered":"<p>En application de la loi n\u00b0 2004-575 du 21 juin 2004 pour la confiance dans l\u2019\u00e9conomie num\u00e9rique, nous vous communiquons les informations suivantes : Propri\u00e9taire du site : Chambre d\u2019Agriculture de la R\u00e9union : N\u00b0 de SIRET : 189 741 119 00011 24, rue de la Source B.P.134 97463 SAINT DENIS CEDEX T\u00e9l. : 0262 94 25 94 Fax : [&hellip;]<\/p>\n","protected":false},"author":1,"featured_media":0,"parent":0,"menu_order":0,"comment_status":"closed","ping_status":"open","template":"","meta":{"footnotes":""},"class_list":["post-251","page","type-page","status-publish","hentry"],"_links":{"self":[{"href":"https:\/\/www.bsv-reunion.fr\/index.php?rest_route=\/wp\/v2\/pages\/251","targetHints":{"allow":["GET"]}}],"collection":[{"href":"https:\/\/www.bsv-reunion.fr\/index.php?rest_route=\/wp\/v2\/pages"}],"about":[{"href":"https:\/\/www.bsv-reunion.fr\/index.php?rest_route=\/wp\/v2\/types\/page"}],"author":[{"embeddable":true,"href":"https:\/\/www.bsv-reunion.fr\/index.php?rest_route=\/wp\/v2\/users\/1"}],"replies":[{"embeddable":true,"href":"https:\/\/www.bsv-reunion.fr\/index.php?rest_route=%2Fwp%2Fv2%2Fcomments&post=251"}],"version-history":[{"count":6,"href":"https:\/\/www.bsv-reunion.fr\/index.php?rest_route=\/wp\/v2\/pages\/251\/revisions"}],"predecessor-version":[{"id":3066,"href":"https:\/\/www.bsv-reunion.fr\/index.php?rest_route=\/wp\/v2\/pages\/251\/revisions\/3066"}],"wp:attachment":[{"href":"https:\/\/www.bsv-reunion.fr\/index.php?rest_route=%2Fwp%2Fv2%2Fmedia&parent=251"}],"curies":[{"name":"wp","href":"https:\/\/api.w.org\/{rel}","templated":true}]}}