
{"id":279,"date":"2014-06-30T16:30:37","date_gmt":"2014-06-30T15:30:37","guid":{"rendered":"http:\/\/www.bsv-reunion.fr\/?page_id=279"},"modified":"2014-07-02T06:16:29","modified_gmt":"2014-07-02T05:16:29","slug":"le-reseau-depidemio-surveillance","status":"publish","type":"page","link":"https:\/\/www.bsv-reunion.fr\/?page_id=279","title":{"rendered":"Le r\u00e9seau d\u2019\u00e9pid\u00e9mio-surveillance"},"content":{"rendered":"<div id=\"contenu\" style=\"color: #454545;\">\n<div id=\"contenu_inter\" class=\"hentry\">\n<div class=\"cartouche\"><\/div>\n<div class=\"surlignable\">\n<div class=\"texte entry-content\">\n<p>Les animateurs fili\u00e8res de la Chambre d\u2019Agriculture effectuent r\u00e9guli\u00e8rement des observations phytosanitaires sur des parcelles de r\u00e9f\u00e9rence mises \u00e0 disposition par des agriculteurs situ\u00e9s dans des secteurs repr\u00e9sentatifs de chaque fili\u00e8re de production. A ce jour, 39 parcelles de r\u00e9f\u00e9rence constituent le socle du r\u00e9seau d\u2019\u00e9pid\u00e9miosurveillance et sont suivies par<br \/>\nla Chambre d\u2019Agriculture\u00a0:<\/p>\n<p>&gt; canne \u00e0 sucre\u00a0: 10 parcelles de r\u00e9f\u00e9rence\u00a0;<br \/>\n&gt; cultures mara\u00eech\u00e8res\u00a0: 7 parcelles de r\u00e9f\u00e9rence\u00a0;<br \/>\n&gt; cultures fruiti\u00e8res\u00a0: 14 parcelles de r\u00e9f\u00e9rence\u00a0;<br \/>\n&gt; cultures horticoles\u00a0: 8 parcelles de r\u00e9f\u00e9rence.<\/p>\n<p>A ce r\u00e9seau seront associ\u00e9es les Organisations de Producteurs et les Instituts Techniques qui sont charg\u00e9s d\u2019effectuer des observations ponctuelles lors de visites de terrain. Une convention de partenariat est en cours de signature afin de formaliser ce travail d\u2019\u00e9quipe au sein du r\u00e9seau.<\/p>\n<\/div>\n<\/div>\n<div id=\"documents_portfolio\"><a style=\"color: #3f5c10;\" title=\"R\u00e9seau d'\u00e9pid\u00e9mio-surveillance\" href=\"https:\/\/www.reunion.chambagri.fr\/IMG\/jpg\/epidemio_bsv6.jpg\" type=\"image\/jpeg\"><img loading=\"lazy\" decoding=\"async\" class=\"spip_logos\" src=\"https:\/\/www.reunion.chambagri.fr\/IMG\/jpg\/epidemio_bsv6.jpg\" alt=\"R\u00e9seau d'\u00e9pid\u00e9mio-surveillance\" width=\"164\" height=\"100\" \/><\/a><\/p>\n<div class=\"clear\"><\/div>\n<\/div>\n<\/div>\n<\/div>\n<p>&nbsp;<\/p>\n","protected":false},"excerpt":{"rendered":"<p>Les animateurs fili\u00e8res de la Chambre d\u2019Agriculture effectuent r\u00e9guli\u00e8rement des observations phytosanitaires sur des parcelles de r\u00e9f\u00e9rence mises \u00e0 disposition par des agriculteurs situ\u00e9s dans des secteurs repr\u00e9sentatifs de chaque fili\u00e8re de production. A ce jour, 39 parcelles de r\u00e9f\u00e9rence constituent le socle du r\u00e9seau d\u2019\u00e9pid\u00e9miosurveillance et sont suivies par la Chambre d\u2019Agriculture\u00a0: &gt; canne \u00e0 sucre\u00a0: 10 parcelles de [&hellip;]<\/p>\n","protected":false},"author":1,"featured_media":0,"parent":0,"menu_order":0,"comment_status":"open","ping_status":"open","template":"","meta":{"footnotes":""},"class_list":["post-279","page","type-page","status-publish","hentry"],"_links":{"self":[{"href":"https:\/\/www.bsv-reunion.fr\/index.php?rest_route=\/wp\/v2\/pages\/279","targetHints":{"allow":["GET"]}}],"collection":[{"href":"https:\/\/www.bsv-reunion.fr\/index.php?rest_route=\/wp\/v2\/pages"}],"about":[{"href":"https:\/\/www.bsv-reunion.fr\/index.php?rest_route=\/wp\/v2\/types\/page"}],"author":[{"embeddable":true,"href":"https:\/\/www.bsv-reunion.fr\/index.php?rest_route=\/wp\/v2\/users\/1"}],"replies":[{"embeddable":true,"href":"https:\/\/www.bsv-reunion.fr\/index.php?rest_route=%2Fwp%2Fv2%2Fcomments&post=279"}],"version-history":[{"count":3,"href":"https:\/\/www.bsv-reunion.fr\/index.php?rest_route=\/wp\/v2\/pages\/279\/revisions"}],"predecessor-version":[{"id":295,"href":"https:\/\/www.bsv-reunion.fr\/index.php?rest_route=\/wp\/v2\/pages\/279\/revisions\/295"}],"wp:attachment":[{"href":"https:\/\/www.bsv-reunion.fr\/index.php?rest_route=%2Fwp%2Fv2%2Fmedia&parent=279"}],"curies":[{"name":"wp","href":"https:\/\/api.w.org\/{rel}","templated":true}]}}