
{"id":4352,"date":"2025-06-05T11:49:24","date_gmt":"2025-06-05T10:49:24","guid":{"rendered":"https:\/\/www.bsv-reunion.fr\/?page_id=4352"},"modified":"2025-06-05T11:49:25","modified_gmt":"2025-06-05T10:49:25","slug":"newsletter-confirmation-dinscription","status":"publish","type":"page","link":"https:\/\/www.bsv-reunion.fr\/?page_id=4352","title":{"rendered":"Newsletter &#8211; Confirmation d&rsquo;inscription"},"content":{"rendered":"\n<p class=\"has-text-align-center\">Votre inscription \u00e0 notre lettre d&rsquo;information a bien \u00e9t\u00e9 prise en compte. Vous recevrez prochainement nos actualit\u00e9s. <br><strong>Merci de votre int\u00e9r\u00eat !<\/strong><\/p>\n","protected":false},"excerpt":{"rendered":"<p>Votre inscription \u00e0 notre lettre d&rsquo;information a bien \u00e9t\u00e9 prise en compte. Vous recevrez prochainement nos actualit\u00e9s. Merci de votre int\u00e9r\u00eat !<\/p>\n","protected":false},"author":1,"featured_media":0,"parent":0,"menu_order":0,"comment_status":"closed","ping_status":"closed","template":"","meta":{"footnotes":""},"class_list":["post-4352","page","type-page","status-publish","hentry"],"_links":{"self":[{"href":"https:\/\/www.bsv-reunion.fr\/index.php?rest_route=\/wp\/v2\/pages\/4352","targetHints":{"allow":["GET"]}}],"collection":[{"href":"https:\/\/www.bsv-reunion.fr\/index.php?rest_route=\/wp\/v2\/pages"}],"about":[{"href":"https:\/\/www.bsv-reunion.fr\/index.php?rest_route=\/wp\/v2\/types\/page"}],"author":[{"embeddable":true,"href":"https:\/\/www.bsv-reunion.fr\/index.php?rest_route=\/wp\/v2\/users\/1"}],"replies":[{"embeddable":true,"href":"https:\/\/www.bsv-reunion.fr\/index.php?rest_route=%2Fwp%2Fv2%2Fcomments&post=4352"}],"version-history":[{"count":1,"href":"https:\/\/www.bsv-reunion.fr\/index.php?rest_route=\/wp\/v2\/pages\/4352\/revisions"}],"predecessor-version":[{"id":4354,"href":"https:\/\/www.bsv-reunion.fr\/index.php?rest_route=\/wp\/v2\/pages\/4352\/revisions\/4354"}],"wp:attachment":[{"href":"https:\/\/www.bsv-reunion.fr\/index.php?rest_route=%2Fwp%2Fv2%2Fmedia&parent=4352"}],"curies":[{"name":"wp","href":"https:\/\/api.w.org\/{rel}","templated":true}]}}