
{"id":570,"date":"2014-08-07T06:38:49","date_gmt":"2014-08-07T05:38:49","guid":{"rendered":"http:\/\/www.bsv-reunion.fr\/?page_id=570"},"modified":"2025-08-08T12:18:47","modified_gmt":"2025-08-08T11:18:47","slug":"presentation","status":"publish","type":"page","link":"https:\/\/www.bsv-reunion.fr\/?page_id=570","title":{"rendered":"Pr\u00e9sentation"},"content":{"rendered":"<p>Cr\u00e9\u00e9 en 2009 par la DAAF, la Chambre d&rsquo;Agriculture et la FDGDON, le R\u00e9seau d&rsquo;\u00e9pid\u00e9miosurveillance (RES) a \u00e9volu\u00e9 en 2025 avec le retrait de la Chambre d&rsquo;agriculture de l&rsquo;animation du R\u00e9seau. <strong>La FDGDON a donc repris seul l&rsquo;animation du RES<\/strong> suite \u00e0 la validation par la DAAF du projet de reprise.<\/p>\n<p>Le RES a pour objectif de <strong>conna\u00eetre la situation phytosanitaire sur tout le territoire<\/strong> et principalement pour les fili\u00e8res canne \u00e0 sucre, mara\u00eechage et fruiti\u00e8re.<\/p>\n<p>Pour ce faire, des donn\u00e9es de pr\u00e9sence sur les organismes nuisibles de r\u00e9f\u00e9rence (ravageurs, maladies ou adventices) sont collect\u00e9es sur les <strong>11 cultures suivies<\/strong>. On les nomme organismes nuisibles de r\u00e9f\u00e9rence car ils t\u00e9moignent de mani\u00e8re juste de la pression exerc\u00e9e sur la culture.<\/p>\n<p>Afin de pouvoir comparer l&rsquo;\u00e9tat sanitaire des cultures, des protocoles de r\u00e9f\u00e9rences sont utilis\u00e9s et l&rsquo;observation se d\u00e9roule sur des parcelles de r\u00e9f\u00e9rences gr\u00e2ce \u00e0 un r\u00e9seau d&rsquo;observateurs.<\/p>\n<p>Toutes ces donn\u00e9es permettent de renseigner <strong>la pression des nuisibles sur les cultures, mais \u00e9galement leur r\u00e9partition et fluctuations saisonni\u00e8res<\/strong>, afin d&#8217;emmagasiner des informations qui serviront \u00e0 <strong>anticiper les d\u00e9g\u00e2ts et \u00e0 r\u00e9agir de mani\u00e8re plus efficace<\/strong>. En effet, il est alors possible de d\u00e9gager <strong>un seuil de risque afin d&rsquo;agir uniquement quand cela est n\u00e9cessaire<\/strong> (seuil d\u00e9pass\u00e9). De plus en lien avec les conditions m\u00e9t\u00e9orologiques et le stade de la culture, <strong>une \u00e9valuation des risques<\/strong> encourus par les cultures est alors propos\u00e9e aux agriculteurs. L&rsquo;observation r\u00e9guli\u00e8re permet \u00e9galement de d\u00e9tecter des organismes nuisibles \u00e9mergents ou nouveaux pour la culture (identification par la Clinique du V\u00e9g\u00e9tal\u00ae de la FDGDON).<\/p>\n<p>Bien que la fr\u00e9quence de publication varie (bimestrielle pour le mara\u00eechage et les fruits, trimestrielle pour la canne), les <strong>observations sur le terrain sont conduites chaque mois<\/strong>, en particulier sur les <strong>organismes nuisibles \u00e0 fort impact<\/strong>, responsables d\u2019un grand nombre d\u2019interventions chimiques.<\/p>\n<p>Au total, ce sont une\u00a0<strong>cinquantaine de parcelles de r\u00e9f\u00e9rences<\/strong> et plusieurs centaines de parcelles ponctuelles en partenariat avec\u00a0<strong>16 Organisations de Producteurs<\/strong>\u00a0et\u00a0<strong>instituts techniques<\/strong>\u00a0:<\/p>\n<p><strong>ANAFRUITS, Anses, ARMEFLHOR, AVO, CIRAD, Chambre d\u2019agriculture, CTICS, eRcane, EPLEFPA St Paul et St Joseph, GAB R\u00e9union, SCA Coop Ananas, SCA Fruits de La R\u00e9union, SCA Fruits et L\u00e9gumes de Bourbon, TEREOS, TERRA COOP \u2013 OP Viv\u00e9a.<\/strong><\/p>\n","protected":false},"excerpt":{"rendered":"<p>Cr\u00e9\u00e9 en 2009 par la DAAF, la Chambre d&rsquo;Agriculture et la FDGDON, le R\u00e9seau d&rsquo;\u00e9pid\u00e9miosurveillance (RES) a \u00e9volu\u00e9 en 2025 avec le retrait de la Chambre d&rsquo;agriculture de l&rsquo;animation du R\u00e9seau. La FDGDON a donc repris seul l&rsquo;animation du RES suite \u00e0 la validation par la DAAF du projet de reprise. Le RES a pour objectif de conna\u00eetre la situation [&hellip;]<\/p>\n","protected":false},"author":1,"featured_media":0,"parent":0,"menu_order":0,"comment_status":"closed","ping_status":"open","template":"","meta":{"footnotes":""},"class_list":["post-570","page","type-page","status-publish","hentry"],"_links":{"self":[{"href":"https:\/\/www.bsv-reunion.fr\/index.php?rest_route=\/wp\/v2\/pages\/570","targetHints":{"allow":["GET"]}}],"collection":[{"href":"https:\/\/www.bsv-reunion.fr\/index.php?rest_route=\/wp\/v2\/pages"}],"about":[{"href":"https:\/\/www.bsv-reunion.fr\/index.php?rest_route=\/wp\/v2\/types\/page"}],"author":[{"embeddable":true,"href":"https:\/\/www.bsv-reunion.fr\/index.php?rest_route=\/wp\/v2\/users\/1"}],"replies":[{"embeddable":true,"href":"https:\/\/www.bsv-reunion.fr\/index.php?rest_route=%2Fwp%2Fv2%2Fcomments&post=570"}],"version-history":[{"count":4,"href":"https:\/\/www.bsv-reunion.fr\/index.php?rest_route=\/wp\/v2\/pages\/570\/revisions"}],"predecessor-version":[{"id":4401,"href":"https:\/\/www.bsv-reunion.fr\/index.php?rest_route=\/wp\/v2\/pages\/570\/revisions\/4401"}],"wp:attachment":[{"href":"https:\/\/www.bsv-reunion.fr\/index.php?rest_route=%2Fwp%2Fv2%2Fmedia&parent=570"}],"curies":[{"name":"wp","href":"https:\/\/api.w.org\/{rel}","templated":true}]}}